{"id":556,"date":"2019-07-20T11:59:05","date_gmt":"2019-07-20T11:59:05","guid":{"rendered":"https:\/\/test.trachtenverein-reischach.de\/?page_id=556"},"modified":"2019-10-05T11:17:39","modified_gmt":"2019-10-05T11:17:39","slug":"im-gedenken","status":"publish","type":"page","link":"https:\/\/trachtenverein-reischach.de\/?page_id=556","title":{"rendered":"im Gedenken"},"content":{"rendered":"\n<h3 class=\"wp-block-heading\" style=\"text-align:center\"><span style=\"color:#0c5e11\" class=\"tadv-color\">Zum Gedenken an alle unserer verstorbenen Vereinsmitglieder<span style=\"color:#0c5e11\" class=\"tadv-color\"><\/span><\/span>.<\/h3>\n\n\n\n<table class=\" alignleft\">\n<tbody>\n<tr>\n<td>\n<h6><em>A D\u00f6rferl stad im Tal drin liegt<\/em><br><em>sich zeam an seine H\u00fcgln schmiegt<\/em><br><em>ois wia im Woid a Voglnest<\/em><br><em>umschlunga vo seine \u00c4st.<\/em><\/h6>\n<h6><em>A scheene Kircha steht in da Mitt<\/em><br><em>de \u00f6fters scha vom Wetter litt<\/em><br><em>Des is de Redensart wohl heid<\/em><br><em>es nagt hoid scha stark der Zahn der Zeit.<\/em><\/h6>\n<h6><em>Und dann da weisse Kirchaturm<\/em><br><em>muass wachn \u00fcber Dirndl und Buam<\/em><br><em>de oiwei lustig und voi freid<\/em><br><em>an Bayernmuat ham und a schneid.<\/em><\/h6>\n<\/td>\n<td>\n<h6><em>I sog eich des Dorf mid oan Wort<\/em><br><em>&#8220;Reischach&#8221; hoasst unser Hoamatort<\/em><br><em>Wo gr\u00fcsst der Zoglerberg ins Land<\/em><br><em>und uns an Hoamattreu stumm mahnt.<\/em><\/h6>\n<h6><em>Des Kreiz do drom schaud naus ins Land<\/em><br><em>es gr\u00fca\u00dft de Leid im Bayerngwand<\/em><br><em>erinnert an Hoamattreu und Hoamatliab<\/em><br><em>A Bayer bist, ois Bayer stirb.<\/em><\/h6>\n<h6>&nbsp;<\/h6>\n<h6>von Traudl Schmidt \u2020<\/h6>\n<\/td>\n<\/tr>\n<\/tbody>\n<\/table>\n\n\n\n<h3 class=\"wp-block-heading\"><span style=\"color:#0c5e11\" class=\"tadv-color\">Verstorbene Mitglieder mit besonderen Verdiensten<\/span><\/h3>\n\n\n\n<p><strong data-rich-text-format-boundary=\"true\">Lorenz Kleinillenberger<\/strong>, 20. Oktober 2005, 33 Jahre Vorstand, Ehrenvorstand, goldenes Gauehrenzeichen<\/p>\n\n\n\n<p><\/p>\n\n\n\n<p><strong>Traudl Schmidt<\/strong>, 14.M\u00e4rz 208, langj\u00e4hrige Schriftf\u00fchrerin<\/p>\n\n\n\n<p><strong>Lorenz Gr\u00e4tzl, <\/strong>30. Juni 2011, Gr\u00fcndungsmitglied<\/p>\n\n\n\n<p><strong>Karoline Sextl<\/strong>, 20. Januar 2012, Gr\u00fcndungsmitglied<\/p>\n\n\n\n<p style=\"text-align:left\"><strong>Franz Wimmer, <\/strong>13.Februar 2012, Ehrenmitglied, 20 Jahre 2. Vorstand, langj\u00e4hriger  Vereinsmusiker<\/p>\n\n\n\n<p><strong>Josef Reiter<\/strong>, 18.Februar 2015, Ehrenmitglied, langj\u00e4hriger 1. Kassier<\/p>\n\n\n\n<p><strong>Franz Donislreiter sen<\/strong>., 29. M\u00e4rz 2015, Gr\u00fcndungsmitglied<\/p>\n\n\n\n<p><strong>Therese Scholz,<\/strong> 26. Juli 2015, Gr\u00fcndungsmitglied<\/p>\n\n\n\n<p><strong>Lorenz Baisl,<\/strong> 10. Juli 2016, Gr\u00fcndungsmitglied<\/p>\n\n\n\n<p><strong>Anna Werkstetter<\/strong>, 24. Januar 2018, Gr\u00fcndungsmitglied<\/p>\n\n\n\n<p style=\"text-align:left\"><strong>Mona Demmelhuber,<\/strong> 23. Februar 2018, aktives Dirndl in der                                     Kindergruppe<\/p>\n\n\n\n<p style=\"text-align:left\"><strong>Max Hautzinger, <\/strong>06. Januar 2019, Ehrenmitglied, langj\u00e4hriger                                               Schriftf\u00fchrer\n\n<\/p>\n","protected":false},"excerpt":{"rendered":"<p>Zum Gedenken an alle unserer verstorbenen Vereinsmitglieder. A D\u00f6rferl stad im Tal drin liegtsich zeam an seine H\u00fcgln schmiegtois wia im Woid a Voglnestumschlunga vo seine \u00c4st. A scheene Kircha steht in da Mittde \u00f6fters scha vom Wetter littDes is de Redensart wohl heides nagt hoid scha stark der Zahn der Zeit. Und dann da &#8230; <a title=\"im Gedenken\" class=\"read-more\" href=\"https:\/\/trachtenverein-reischach.de\/?page_id=556\" aria-label=\"Mehr Informationen \u00fcber im Gedenken\">Weiterlesen<\/a><\/p>\n","protected":false},"author":1,"featured_media":0,"parent":0,"menu_order":0,"comment_status":"closed","ping_status":"closed","template":"","meta":{"pgc_sgb_lightbox_settings":"","footnotes":""},"class_list":["post-556","page","type-page","status-publish"],"_links":{"self":[{"href":"https:\/\/trachtenverein-reischach.de\/index.php?rest_route=\/wp\/v2\/pages\/556","targetHints":{"allow":["GET"]}}],"collection":[{"href":"https:\/\/trachtenverein-reischach.de\/index.php?rest_route=\/wp\/v2\/pages"}],"about":[{"href":"https:\/\/trachtenverein-reischach.de\/index.php?rest_route=\/wp\/v2\/types\/page"}],"author":[{"embeddable":true,"href":"https:\/\/trachtenverein-reischach.de\/index.php?rest_route=\/wp\/v2\/users\/1"}],"replies":[{"embeddable":true,"href":"https:\/\/trachtenverein-reischach.de\/index.php?rest_route=%2Fwp%2Fv2%2Fcomments&post=556"}],"version-history":[{"count":0,"href":"https:\/\/trachtenverein-reischach.de\/index.php?rest_route=\/wp\/v2\/pages\/556\/revisions"}],"wp:attachment":[{"href":"https:\/\/trachtenverein-reischach.de\/index.php?rest_route=%2Fwp%2Fv2%2Fmedia&parent=556"}],"curies":[{"name":"wp","href":"https:\/\/api.w.org\/{rel}","templated":true}]}}