{"id":477,"date":"2019-07-13T18:45:08","date_gmt":"2019-07-13T18:45:08","guid":{"rendered":"https:\/\/test.trachtenverein-reischach.de\/?page_id=477"},"modified":"2024-05-03T19:50:05","modified_gmt":"2024-05-03T17:50:05","slug":"bilder-2","status":"publish","type":"page","link":"https:\/\/trachtenverein-reischach.de\/?page_id=477","title":{"rendered":"Bilder"},"content":{"rendered":"\n<p class=\"has-text-align-center\">Unsere Bilder befinden sich im gesch\u00fctzten Bereich auf unserer Hoamatseit\u00b4n. Um unsere Bilder zu sehen, musst Du Dich einmal kostenlos unter &#8220;Mein Konto&#8221; registrieren. Anschlie\u00dfend kannst Du Dich f\u00fcr den gesch\u00fctzten Bereich anmelden.<\/p>\n\n\n\n<div class=\"wp-block-button aligncenter\"><a class=\"wp-block-button__link wp-element-button\" href=\"https:\/\/trachtenverein-reischach.de\/?page_id=225\">Anmelden<\/a><\/div>\n","protected":false},"excerpt":{"rendered":"<p>Unsere Bilder befinden sich im gesch\u00fctzten Bereich auf unserer Hoamatseit\u00b4n. Um unsere Bilder zu sehen, musst Du Dich einmal kostenlos unter &#8220;Mein Konto&#8221; registrieren. Anschlie\u00dfend kannst Du Dich f\u00fcr den gesch\u00fctzten Bereich anmelden.<\/p>\n","protected":false},"author":1,"featured_media":0,"parent":0,"menu_order":0,"comment_status":"closed","ping_status":"closed","template":"","meta":{"pgc_sgb_lightbox_settings":"","footnotes":""},"class_list":["post-477","page","type-page","status-publish"],"_links":{"self":[{"href":"https:\/\/trachtenverein-reischach.de\/index.php?rest_route=\/wp\/v2\/pages\/477","targetHints":{"allow":["GET"]}}],"collection":[{"href":"https:\/\/trachtenverein-reischach.de\/index.php?rest_route=\/wp\/v2\/pages"}],"about":[{"href":"https:\/\/trachtenverein-reischach.de\/index.php?rest_route=\/wp\/v2\/types\/page"}],"author":[{"embeddable":true,"href":"https:\/\/trachtenverein-reischach.de\/index.php?rest_route=\/wp\/v2\/users\/1"}],"replies":[{"embeddable":true,"href":"https:\/\/trachtenverein-reischach.de\/index.php?rest_route=%2Fwp%2Fv2%2Fcomments&post=477"}],"version-history":[{"count":0,"href":"https:\/\/trachtenverein-reischach.de\/index.php?rest_route=\/wp\/v2\/pages\/477\/revisions"}],"wp:attachment":[{"href":"https:\/\/trachtenverein-reischach.de\/index.php?rest_route=%2Fwp%2Fv2%2Fmedia&parent=477"}],"curies":[{"name":"wp","href":"https:\/\/api.w.org\/{rel}","templated":true}]}}