{"id":292,"date":"2019-07-14T09:09:22","date_gmt":"2019-07-14T09:09:22","guid":{"rendered":"https:\/\/test.trachtenverein-reischach.de\/?page_id=292"},"modified":"2025-11-21T15:05:28","modified_gmt":"2025-11-21T14:05:28","slug":"theater","status":"publish","type":"page","link":"https:\/\/trachtenverein-reischach.de\/?page_id=292","title":{"rendered":"Theater"},"content":{"rendered":"\n<p>Die Theatergruppe des Trachtenvereins wurde im Jahr 2002 gegr\u00fcndet und im gleichen Jahr noch ein Theater aufgef\u00fchrt. Theaterleiterin ist Hilde Baumer.<\/p>\n\n\n\n<h3 class=\"wp-block-heading\">Chronologie der Auff\u00fchrungen<\/h3>\n\n\n\n<ul class=\"wp-block-list\">\n<li>2003    Reischinger   Braueraufstand   von  Theo Solleder <\/li>\n\n\n\n<li>2004    Die saure Wiesn   von  Rob A. Nemecek <\/li>\n\n\n\n<li>2005    Eledrische   von  Peter Landstorfer <\/li>\n\n\n\n<li>2006    Da Lottobauer   von  Michael Haidner <\/li>\n\n\n\n<li>2007     Dem Himmel sei Dank   von  Bernd Gombold <\/li>\n\n\n\n<li>2008     Pause (Traudl + )   <\/li>\n\n\n\n<li>2009    D\u00b4 Eisheiligen   und die kalt` Sophie   von  Georg Harrieder <\/li>\n\n\n\n<li>2010    DerGaggerer    von  Fred Bosch <\/li>\n\n\n\n<li>2011    Der hl. Korbinian   und die falsche Braut   von  Sonja Beer <\/li>\n\n\n\n<li>2012    Alter sch\u00fctzt vor   Reichtum nicht   von  Erich Frledl <\/li>\n\n\n\n<li>2013    Die Millionenoma   von  Monika Steinbacher <\/li>\n\n\n\n<li>2014    Die pfiffige Urschl   von  Franz Schauer <\/li>\n\n\n\n<li>2015    Oaner spinnt immer    von  Martin Fischer <\/li>\n\n\n\n<li>2016    Da Rauberpfaff    von  Peter Landstorfer <\/li>\n\n\n\n<li>2017    RegnWurmOrakl    von  Ralph Wallner <\/li>\n\n\n\n<li>2018    Ballet am Jocklhof   von  Franz Schaurer <\/li>\n\n\n\n<li>2019    Das verflixte   Klassentreffen    von     Regina R\u00f6sch   <\/li>\n\n\n\n<li>2020   kein Theater wegen Pandemie<\/li>\n\n\n\n<li>2021 kein Theater wegen Pandemie <\/li>\n\n\n\n<li>2022   kein Theater wegen Pandemie<\/li>\n\n\n\n<li>2023   Mucks M\u00e4userl Mord von Ralph Wallner<\/li>\n\n\n\n<li>2024   kein Theater wegen 75-j\u00e4hrigem Gr\u00fcndungsfest Trachtenverein Reischach<\/li>\n\n\n\n<li>2025   Hulahupp und Himbeerguatl von Ralph Wallner<\/li>\n\n\n\n<li>2026   Der Kuhstall-Adonis von Lukas B\u00fchler<\/li>\n<\/ul>\n\n\n\n<p>Dazu kommen noch viele Einakter zu verschiedensten Anl\u00e4ssen.<\/p>\n\n\n\n<figure class=\"wp-block-gallery has-nested-images columns-2 is-cropped wp-block-gallery-1 is-layout-flex wp-block-gallery-is-layout-flex\">\n<figure class=\"wp-block-image size-large\"><img loading=\"lazy\" decoding=\"async\" width=\"1024\" height=\"683\" data-id=\"542\" src=\"https:\/\/trachtenverein-reischach.de\/wp-content\/uploads\/2019\/07\/DSC_0042-1024x683.jpg\" alt=\"\" class=\"wp-image-542\" srcset=\"https:\/\/trachtenverein-reischach.de\/wp-content\/uploads\/2019\/07\/DSC_0042-1024x683.jpg 1024w, https:\/\/trachtenverein-reischach.de\/wp-content\/uploads\/2019\/07\/DSC_0042-300x200.jpg 300w, https:\/\/trachtenverein-reischach.de\/wp-content\/uploads\/2019\/07\/DSC_0042-768x512.jpg 768w\" sizes=\"auto, (max-width: 1024px) 100vw, 1024px\" \/><figcaption class=\"wp-element-caption\">20020056<\/figcaption><\/figure>\n\n\n\n<figure class=\"wp-block-image size-large\"><img loading=\"lazy\" decoding=\"async\" width=\"1024\" height=\"683\" data-id=\"543\" src=\"https:\/\/trachtenverein-reischach.de\/wp-content\/uploads\/2019\/07\/DSC_0032-1024x683.jpg\" alt=\"\" class=\"wp-image-543\" srcset=\"https:\/\/trachtenverein-reischach.de\/wp-content\/uploads\/2019\/07\/DSC_0032-1024x683.jpg 1024w, https:\/\/trachtenverein-reischach.de\/wp-content\/uploads\/2019\/07\/DSC_0032-300x200.jpg 300w, https:\/\/trachtenverein-reischach.de\/wp-content\/uploads\/2019\/07\/DSC_0032-768x512.jpg 768w\" sizes=\"auto, (max-width: 1024px) 100vw, 1024px\" \/><\/figure>\n\n\n\n<figure class=\"wp-block-image size-large\"><img loading=\"lazy\" decoding=\"async\" width=\"576\" height=\"1024\" data-id=\"544\" src=\"https:\/\/trachtenverein-reischach.de\/wp-content\/uploads\/2019\/07\/IMG_2750-576x1024.jpg\" alt=\"\" class=\"wp-image-544\" srcset=\"https:\/\/trachtenverein-reischach.de\/wp-content\/uploads\/2019\/07\/IMG_2750-576x1024.jpg 576w, https:\/\/trachtenverein-reischach.de\/wp-content\/uploads\/2019\/07\/IMG_2750-169x300.jpg 169w, https:\/\/trachtenverein-reischach.de\/wp-content\/uploads\/2019\/07\/IMG_2750-768x1365.jpg 768w, https:\/\/trachtenverein-reischach.de\/wp-content\/uploads\/2019\/07\/IMG_2750.jpg 1584w\" sizes=\"auto, (max-width: 576px) 100vw, 576px\" \/><\/figure>\n\n\n\n<figure class=\"wp-block-image size-large\"><img loading=\"lazy\" decoding=\"async\" width=\"1024\" height=\"681\" data-id=\"545\" src=\"https:\/\/trachtenverein-reischach.de\/wp-content\/uploads\/2019\/07\/Tr.-Teather-12-00057-1024x681.jpg\" alt=\"\" class=\"wp-image-545\" srcset=\"https:\/\/trachtenverein-reischach.de\/wp-content\/uploads\/2019\/07\/Tr.-Teather-12-00057-1024x681.jpg 1024w, https:\/\/trachtenverein-reischach.de\/wp-content\/uploads\/2019\/07\/Tr.-Teather-12-00057-300x199.jpg 300w, https:\/\/trachtenverein-reischach.de\/wp-content\/uploads\/2019\/07\/Tr.-Teather-12-00057-768x511.jpg 768w\" sizes=\"auto, (max-width: 1024px) 100vw, 1024px\" \/><\/figure>\n\n\n\n<figure class=\"wp-block-image size-large\"><img loading=\"lazy\" decoding=\"async\" width=\"320\" height=\"213\" data-id=\"546\" src=\"https:\/\/trachtenverein-reischach.de\/wp-content\/uploads\/2019\/07\/Tr.-Teather-12-00059klein.jpg\" alt=\"\" class=\"wp-image-546\" srcset=\"https:\/\/trachtenverein-reischach.de\/wp-content\/uploads\/2019\/07\/Tr.-Teather-12-00059klein.jpg 320w, https:\/\/trachtenverein-reischach.de\/wp-content\/uploads\/2019\/07\/Tr.-Teather-12-00059klein-300x200.jpg 300w\" sizes=\"auto, (max-width: 320px) 100vw, 320px\" \/><\/figure>\n<\/figure>\n","protected":false},"excerpt":{"rendered":"<p>Die Theatergruppe des Trachtenvereins wurde im Jahr 2002 gegr\u00fcndet und im gleichen Jahr noch ein Theater aufgef\u00fchrt. Theaterleiterin ist Hilde Baumer. Chronologie der Auff\u00fchrungen Dazu kommen noch viele Einakter zu verschiedensten Anl\u00e4ssen.<\/p>\n","protected":false},"author":1,"featured_media":0,"parent":0,"menu_order":0,"comment_status":"closed","ping_status":"closed","template":"","meta":{"pgc_sgb_lightbox_settings":"","footnotes":""},"class_list":["post-292","page","type-page","status-publish"],"_links":{"self":[{"href":"https:\/\/trachtenverein-reischach.de\/index.php?rest_route=\/wp\/v2\/pages\/292","targetHints":{"allow":["GET"]}}],"collection":[{"href":"https:\/\/trachtenverein-reischach.de\/index.php?rest_route=\/wp\/v2\/pages"}],"about":[{"href":"https:\/\/trachtenverein-reischach.de\/index.php?rest_route=\/wp\/v2\/types\/page"}],"author":[{"embeddable":true,"href":"https:\/\/trachtenverein-reischach.de\/index.php?rest_route=\/wp\/v2\/users\/1"}],"replies":[{"embeddable":true,"href":"https:\/\/trachtenverein-reischach.de\/index.php?rest_route=%2Fwp%2Fv2%2Fcomments&post=292"}],"version-history":[{"count":0,"href":"https:\/\/trachtenverein-reischach.de\/index.php?rest_route=\/wp\/v2\/pages\/292\/revisions"}],"wp:attachment":[{"href":"https:\/\/trachtenverein-reischach.de\/index.php?rest_route=%2Fwp%2Fv2%2Fmedia&parent=292"}],"curies":[{"name":"wp","href":"https:\/\/api.w.org\/{rel}","templated":true}]}}